{"id":1856,"date":"2020-03-24T14:45:54","date_gmt":"2020-03-24T14:45:54","guid":{"rendered":"https:\/\/lhes.hallco.org\/site\/?page_id=1856"},"modified":"2020-06-25T13:47:43","modified_gmt":"2020-06-25T13:47:43","slug":"message-from-principal","status":"publish","type":"page","link":"https:\/\/lhes.hallco.org\/web\/message-from-principal\/","title":{"rendered":"Message from Principal"},"content":{"rendered":"\n<style type=\"text\/css\" data-created_by=\"avia_inline_auto\" id=\"style-css-av-k85yf3rt-d989a988a6b0c932a4197f942dabd9b7\">\n.avia-section.av-k85yf3rt-d989a988a6b0c932a4197f942dabd9b7{\nbackground-color:#0033a0;\nbackground-image:url(https:\/\/lhes.hallco.org\/web\/wp-content\/uploads\/2020\/03\/LYMAN-4-1030x858-1-300x250.png);\nbackground-repeat:no-repeat;\nbackground-position:100% 50%;\nbackground-attachment:scroll;\n}\n<\/style>\n<div id='av_section_1'  class='avia-section av-k85yf3rt-d989a988a6b0c932a4197f942dabd9b7 main_color avia-section-default avia-no-border-styling  avia-builder-el-0  el_before_av_three_fifth  avia-builder-el-first  avia-bg-style-scroll container_wrap sidebar_right'  data-section-bg-repeat='no-repeat'><div class='container av-section-cont-open' ><main  role=\"main\" itemprop=\"mainContentOfPage\"  class='template-page content  av-content-small alpha units'><div class='post-entry post-entry-type-page post-entry-1856'><div class='entry-content-wrapper clearfix'>\n\n<style type=\"text\/css\" data-created_by=\"avia_inline_auto\" id=\"style-css-av-kbuucsp5-f6cd3e6b51f67a48e41c03f15fdfe1b2\">\n#top .av-special-heading.av-kbuucsp5-f6cd3e6b51f67a48e41c03f15fdfe1b2{\npadding-bottom:10px;\ncolor:#ffffff;\nfont-size:50px;\n}\nbody .av-special-heading.av-kbuucsp5-f6cd3e6b51f67a48e41c03f15fdfe1b2 .av-special-heading-tag .heading-char{\nfont-size:25px;\n}\n#top #wrap_all .av-special-heading.av-kbuucsp5-f6cd3e6b51f67a48e41c03f15fdfe1b2 .av-special-heading-tag{\nfont-size:50px;\n}\n.av-special-heading.av-kbuucsp5-f6cd3e6b51f67a48e41c03f15fdfe1b2 .special-heading-inner-border{\nborder-color:#ffffff;\n}\n.av-special-heading.av-kbuucsp5-f6cd3e6b51f67a48e41c03f15fdfe1b2 .av-subheading{\nfont-size:15px;\n}\n\n@media only screen and (min-width: 480px) and (max-width: 767px){ \n#top #wrap_all .av-special-heading.av-kbuucsp5-f6cd3e6b51f67a48e41c03f15fdfe1b2 .av-special-heading-tag{\nfont-size:0.8em;\n}\n}\n\n@media only screen and (max-width: 479px){ \n#top #wrap_all .av-special-heading.av-kbuucsp5-f6cd3e6b51f67a48e41c03f15fdfe1b2 .av-special-heading-tag{\nfont-size:0.8em;\n}\n}\n<\/style>\n<div  class='av-special-heading av-kbuucsp5-f6cd3e6b51f67a48e41c03f15fdfe1b2 av-special-heading-h1 custom-color-heading blockquote modern-quote  avia-builder-el-1  avia-builder-el-no-sibling  av-inherit-size'><h1 class='av-special-heading-tag '  itemprop=\"headline\"  >Message from Principal<\/h1><div class=\"special-heading-border\"><div class=\"special-heading-inner-border\"><\/div><\/div><\/div>\n<\/div><\/div><\/main><!-- close content main element --><\/div><\/div><div id='after_section_1'  class='main_color av_default_container_wrap container_wrap sidebar_right'  ><div class='container av-section-cont-open' ><div class='template-page content  av-content-small alpha units'><div class='post-entry post-entry-type-page post-entry-1856'><div class='entry-content-wrapper clearfix'>\n<style type=\"text\/css\" data-created_by=\"avia_inline_auto\" id=\"style-css-av-7llkrk-f21e182195e937552733da89534d11e1\">\n.flex_column.av-7llkrk-f21e182195e937552733da89534d11e1{\nborder-radius:0px 0px 0px 0px;\npadding:0px 0px 0px 0px;\n}\n<\/style>\n<div  class='flex_column av-7llkrk-f21e182195e937552733da89534d11e1 av_three_fifth  avia-builder-el-2  el_after_av_section  el_before_av_two_fifth  avia-builder-el-first  first flex_column_div av-zero-column-padding  '     ><style type=\"text\/css\" data-created_by=\"avia_inline_auto\" id=\"style-css-av-k860n1rm-0bada4362ba0123c44832b0eb476b348\">\n.avia-image-container.av-k860n1rm-0bada4362ba0123c44832b0eb476b348 img.avia_image{\nbox-shadow:none;\n}\n.avia-image-container.av-k860n1rm-0bada4362ba0123c44832b0eb476b348 .av-image-caption-overlay-center{\ncolor:#ffffff;\n}\n<\/style>\n<div  class='avia-image-container av-k860n1rm-0bada4362ba0123c44832b0eb476b348 av-styling- av-img-linked avia-align-center  avia-builder-el-3  avia-builder-el-no-sibling '   itemprop=\"image\" itemscope=\"itemscope\" itemtype=\"https:\/\/schema.org\/ImageObject\" ><div class=\"avia-image-container-inner\"><div class=\"avia-image-overlay-wrap\"><a href=\"https:\/\/lhes.hallco.org\/web\/wp-content\/uploads\/2020\/03\/2015-04-29-4340-COLLAGE-1-1030x1030.jpg\" data-srcset=\"https:\/\/lhes.hallco.org\/web\/wp-content\/uploads\/2020\/03\/2015-04-29-4340-COLLAGE-1-1030x1030.jpg 1030w, https:\/\/lhes.hallco.org\/web\/wp-content\/uploads\/2020\/03\/2015-04-29-4340-COLLAGE-1-300x300.jpg 300w, https:\/\/lhes.hallco.org\/web\/wp-content\/uploads\/2020\/03\/2015-04-29-4340-COLLAGE-1-80x80.jpg 80w, https:\/\/lhes.hallco.org\/web\/wp-content\/uploads\/2020\/03\/2015-04-29-4340-COLLAGE-1-768x768.jpg 768w, https:\/\/lhes.hallco.org\/web\/wp-content\/uploads\/2020\/03\/2015-04-29-4340-COLLAGE-1-36x36.jpg 36w, https:\/\/lhes.hallco.org\/web\/wp-content\/uploads\/2020\/03\/2015-04-29-4340-COLLAGE-1-180x180.jpg 180w, https:\/\/lhes.hallco.org\/web\/wp-content\/uploads\/2020\/03\/2015-04-29-4340-COLLAGE-1-705x705.jpg 705w, https:\/\/lhes.hallco.org\/web\/wp-content\/uploads\/2020\/03\/2015-04-29-4340-COLLAGE-1.jpg 1197w\" data-sizes=\"(max-width: 1030px) 100vw, 1030px\" class='avia_image '  aria-label='2015-04-29-4340-COLLAGE-1'><img decoding=\"async\" fetchpriority=\"high\" class='wp-image-1862 avia-img-lazy-loading-not-1862 avia_image ' src=\"https:\/\/lhes.hallco.org\/web\/wp-content\/uploads\/2020\/03\/2015-04-29-4340-COLLAGE-1-845x684.jpg\" alt='' title='2015-04-29-4340-COLLAGE-1'  height=\"684\" width=\"845\"  itemprop=\"thumbnailUrl\" srcset=\"https:\/\/lhes.hallco.org\/web\/wp-content\/uploads\/2020\/03\/2015-04-29-4340-COLLAGE-1-845x684.jpg 845w, https:\/\/lhes.hallco.org\/web\/wp-content\/uploads\/2020\/03\/2015-04-29-4340-COLLAGE-1-495x400.jpg 495w\" sizes=\"(max-width: 845px) 100vw, 845px\" \/><\/a><\/div><\/div><\/div><\/div><\/p>\n\n<style type=\"text\/css\" data-created_by=\"avia_inline_auto\" id=\"style-css-av-is9kg-a9de5ce8881b2be65592d8c479950740\">\n.flex_column.av-is9kg-a9de5ce8881b2be65592d8c479950740{\nborder-radius:0px 0px 0px 0px;\npadding:0px 0px 0px 0px;\n}\n<\/style>\n<div  class='flex_column av-is9kg-a9de5ce8881b2be65592d8c479950740 av_two_fifth  avia-builder-el-4  el_after_av_three_fifth  el_before_av_section  avia-builder-el-last  flex_column_div av-zero-column-padding  '     ><div  class='tabcontainer av-k860p7tq-d2762dab75be32af337920866f0f7c78 top_tab  avia-builder-el-5  avia-builder-el-no-sibling '>\n<section class='av_tab_section av_tab_section av-4baqv4-2b06f0c7e67ebde49e1e71d96d2ab8cc'  itemscope=\"itemscope\" itemtype=\"https:\/\/schema.org\/CreativeWork\" ><div id='tab-id-1-tab' class='tab active_tab' role='tab' aria-selected=\"true\" tabindex=\"0\" data-fake-id='#tab-id-1' aria-controls='tab-id-1-content'  itemprop=\"headline\" >Queridos padres<\/div><div id='tab-id-1-content' class='tab_content active_tab_content' role='tabpanel' aria-labelledby='tab-id-1-tab' aria-hidden=\"false\"><div class='tab_inner_content invers-color'  itemprop=\"text\" ><p>Queridos padres,<\/p>\n<p>Me gustar\u00eda presentarme. Mi nombre es Angel Rodriguez y es un honor y un privilegio servirle como nuevo director de la escuela primaria de Lyman Hall. He estado en educaci\u00f3n por m\u00e1s de 21 a\u00f1os y he servido comunidades incre\u00edbles como esta durante mi carrera. Ense\u00f1\u00e9 kindergarten y primer grado por casi una d\u00e9cada, as\u00ed como a otros grados en la escuela primaria y estoy muy emocionado de unirme a los esfuerzos aqu\u00ed en Lyman Hall para servirle a esta comunidad de alumnos.<\/p>\n<p>Quiero que sepan que mi coraz\u00f3n ya pertenece a estos estudiantes. Les prometo que har\u00e9 todo lo que pueda para proporcionar a sus hijos el futuro m\u00e1s brillante que yo s\u00e9 ustedes desean que ellos tengan. Mi madre asisti\u00f3 al kindergarten y mi padre solo lleg\u00f3 al primer grado, pero siempre quisieron que yo tuviera mucho m\u00e1s y el enfoque de mi familia en mi educaci\u00f3n lo hizo posible. \u00a1Todos en Lyman Hall lucharemos para brindarle a cada uno de nuestros estudiantes, que tienen tanto potencial, las oportunidades que la educaci\u00f3n les puede ofrecer y que todos merecen!<\/p>\n<p>Si hay alguna forma en que podamos servirle mejor en nuestra misi\u00f3n juntos, no dude en avisarme. Estoy aqu\u00ed para servirlo a usted y a los ni\u00f1os de Lyman Hall.<\/p>\n<p>Sinceramente,<\/p>\n<p>Angel M. Rodriguez<\/p>\n<\/div><\/div><\/section>\n<section class='av_tab_section av_tab_section av-2m48qo-e5435dffbdbcef1bef4db181518d2e05'  itemscope=\"itemscope\" itemtype=\"https:\/\/schema.org\/CreativeWork\" ><div id='tab-id-2-tab' class='tab' role='tab' aria-selected=\"false\" tabindex=\"0\" data-fake-id='#tab-id-2' aria-controls='tab-id-2-content'  itemprop=\"headline\" >Dear Parents<\/div><div id='tab-id-2-content' class='tab_content' role='tabpanel' aria-labelledby='tab-id-2-tab' aria-hidden=\"true\"><div class='tab_inner_content invers-color'  itemprop=\"text\" ><p>Dear Parents,<\/p>\n<p>I would like to introduce myself. My name is Angel Rodriguez and it is an honor and privilege to serve you as the new principal of Lyman Hall Elementary School. I have been in education for over 21 years and have served incredible communities like this through my career. I taught kindergarten and first grade for almost a decade as well as other grades throughout elementary school and I cannot wait to join the efforts here at Lyman Hall in service to this community of learners.<\/p>\n<p>I want you to know that my heart already belongs to these students. I promise you that I will do all in my power to provide your children with a brighter tomorrow that I know you want them to possess. My mother attended kindergarten and my father only reached 1st, but they always wanted me to have so much more and their focus on my education made that possible! The entire staff of Lyman Hall will fight to provide every student, each so rich in potential, with the opportunities that their education can provide them and which they deserve!<\/p>\n<p>If there is ever any way that we can better serve you in our partnership together, please do not hesitate to let me know. I am here to serve you and the children of Lyman Hall.<\/p>\n<p>Sincerely,<\/p>\n<p>Angel M. Rodriguez<\/p>\n<\/div><\/div><\/section>\n<\/div><\/div>\n<\/div><\/div><\/div><!-- close content main div --><\/div><\/div>\n<style type=\"text\/css\" data-created_by=\"avia_inline_auto\" id=\"style-css-av-k8613zzn-41e73e74c06b9a7e82ca6be2b35affd2\">\n.avia-section.av-k8613zzn-41e73e74c06b9a7e82ca6be2b35affd2{\nbackground-color:#0033a0;\nbackground-repeat:no-repeat;\nbackground-image:url(https:\/\/lhes.hallco.org\/web\/wp-content\/uploads\/2020\/03\/LYMAN-2-1030x738-1.png), linear-gradient( to bottom, #0033a0, #cf152d );\nbackground-position:50% 50%;\nbackground-attachment:fixed;\n}\n<\/style>\n<div id='av_section_2'  class='avia-section av-k8613zzn-41e73e74c06b9a7e82ca6be2b35affd2 main_color avia-section-default avia-no-border-styling  avia-builder-el-6  el_after_av_two_fifth  avia-builder-el-last  avia-bg-style-fixed av-minimum-height av-minimum-height-50 av-height-50  container_wrap sidebar_right'  data-section-bg-repeat='no-repeat' data-av_minimum_height_pc='50' data-av_min_height_opt='50'><div class='container av-section-cont-open' ><div class='template-page content  av-content-small alpha units'><div class='post-entry post-entry-type-page post-entry-1856'><div class='entry-content-wrapper clearfix'><\/div><\/div><\/div><!-- close content main div --><\/div><\/div><div id='after_section_2'  class='main_color av_default_container_wrap container_wrap sidebar_right'  ><div class='container av-section-cont-open' ><div class='template-page content  av-content-small alpha units'><div class='post-entry post-entry-type-page post-entry-1856'><div class='entry-content-wrapper clearfix'>\n","protected":false},"excerpt":{"rendered":"","protected":false},"author":9,"featured_media":0,"parent":0,"menu_order":0,"comment_status":"closed","ping_status":"closed","template":"","meta":{"_monsterinsights_skip_tracking":false,"_monsterinsights_sitenote_active":false,"_monsterinsights_sitenote_note":"","_monsterinsights_sitenote_category":0,"footnotes":""},"class_list":["post-1856","page","type-page","status-publish","hentry"],"_links":{"self":[{"href":"https:\/\/lhes.hallco.org\/web\/wp-json\/wp\/v2\/pages\/1856","targetHints":{"allow":["GET"]}}],"collection":[{"href":"https:\/\/lhes.hallco.org\/web\/wp-json\/wp\/v2\/pages"}],"about":[{"href":"https:\/\/lhes.hallco.org\/web\/wp-json\/wp\/v2\/types\/page"}],"author":[{"embeddable":true,"href":"https:\/\/lhes.hallco.org\/web\/wp-json\/wp\/v2\/users\/9"}],"replies":[{"embeddable":true,"href":"https:\/\/lhes.hallco.org\/web\/wp-json\/wp\/v2\/comments?post=1856"}],"version-history":[{"count":0,"href":"https:\/\/lhes.hallco.org\/web\/wp-json\/wp\/v2\/pages\/1856\/revisions"}],"wp:attachment":[{"href":"https:\/\/lhes.hallco.org\/web\/wp-json\/wp\/v2\/media?parent=1856"}],"curies":[{"name":"wp","href":"https:\/\/api.w.org\/{rel}","templated":true}]}}